{"id":182,"date":"2023-12-21T20:14:11","date_gmt":"2023-12-21T19:14:11","guid":{"rendered":"https:\/\/amekspertki.pl\/?page_id=182"},"modified":"2025-07-25T19:54:23","modified_gmt":"2025-07-25T17:54:23","slug":"cennik","status":"publish","type":"page","link":"https:\/\/amekspertki.pl\/?page_id=182","title":{"rendered":"Cennik"},"content":{"rendered":"\n<div class=\"wp-block-group alignfull has-global-padding is-layout-constrained wp-container-core-group-is-layout-d46ca558 wp-block-group-is-layout-constrained\" id=\"cennik\" style=\"margin-top:0;margin-bottom:0;padding-top:0;padding-right:var(--wp--preset--spacing--30);padding-bottom:0;padding-left:var(--wp--preset--spacing--30)\">\n<div class=\"wp-block-group alignwide is-layout-flow wp-container-core-group-is-layout-3e8e1870 wp-block-group-is-layout-flow\" style=\"padding-right:0;padding-left:0\">\n<div class=\"wp-block-group is-vertical is-content-justification-center is-layout-flex wp-container-core-group-is-layout-3cefd7da wp-block-group-is-layout-flex\" style=\"padding-right:0;padding-left:0\">\n<h3 class=\"wp-block-heading has-text-align-center is-style-default has-text-color has-link-color wp-elements-73ac46e30adeeb5af0527f8afaaa6ed0\" style=\"color:#100368\">CENNIK US\u0141UG KSI\u0118GOWYCH<\/h3>\n\n\n\n<div style=\"height:0px\" aria-hidden=\"true\" class=\"wp-block-spacer wp-container-content-2aa4ec05\"><\/div>\n<\/div>\n\n\n\n<div class=\"wp-block-columns is-layout-flex wp-container-core-columns-is-layout-2d7698b3 wp-block-columns-is-layout-flex\" style=\"padding-right:0;padding-left:0\">\n<div class=\"wp-block-column is-layout-flow wp-block-column-is-layout-flow\">\n<p class=\"has-text-align-center has-text-color has-link-color wp-elements-c6e17afacef60b18f89b61fda05dd4e3\" style=\"color:#100368\"><strong>KSI\u0118GOWO\u015a\u0106 PE\u0141NA (KSI\u0118GA HANDLOWA)<\/strong><\/p>\n\n\n\n<figure class=\"wp-block-table alignleft is-style-stripes\" style=\"padding-top:0;padding-right:0;padding-bottom:0;padding-left:0\"><table class=\"has-base-background-color has-text-color has-background has-link-color has-fixed-layout\" style=\"color:#100368\"><thead><tr><th>Ilo\u015b\u0107 dokument\u00f3w<\/th><th class=\"has-text-align-left\" data-align=\"left\">Cena brutto\/mc PLN<\/th><\/tr><\/thead><tbody><tr><td>do 50 dokument\u00f3w<\/td><td class=\"has-text-align-left\" data-align=\"left\">1 000,00 PLN<\/td><\/tr><tr><td>od 51 do 100 dokument\u00f3w<\/td><td class=\"has-text-align-left\" data-align=\"left\">1 500,00 PLN<\/td><\/tr><tr><td>od 100 do 200 dokument\u00f3w<\/td><td class=\"has-text-align-left\" data-align=\"left\">2 000,00 PLN<\/td><\/tr><tr><td>od 201 do 300 dokument\u00f3w<\/td><td class=\"has-text-align-left\" data-align=\"left\">2 500,00 PLN<\/td><\/tr><tr><td>powy\u017cej 301<\/td><td class=\"has-text-align-left\" data-align=\"left\">do negocjacji<\/td><\/tr><\/tbody><\/table><\/figure>\n<\/div>\n\n\n\n<div class=\"wp-block-column is-layout-flow wp-block-column-is-layout-flow\">\n<p class=\"has-text-align-center has-text-color has-link-color wp-elements-c4df2ee1261250c53114d4eb334177f9\" style=\"color:#100368\"><strong>KPiR<\/strong><\/p>\n\n\n\n<figure class=\"wp-block-table alignleft is-style-stripes\" style=\"padding-top:0;padding-right:0;padding-bottom:0;padding-left:0\"><table class=\"has-base-background-color has-text-color has-background has-link-color has-fixed-layout\" style=\"color:#100368\"><thead><tr><th>Ilo\u015b\u0107 dokument\u00f3w<\/th><th class=\"has-text-align-left\" data-align=\"left\">Cena brutto\/mc PLN<\/th><\/tr><\/thead><tbody><tr><td>do 20 dokument\u00f3w<\/td><td class=\"has-text-align-left\" data-align=\"left\">300,00 PLN<\/td><\/tr><tr><td>od 21 do 50 dokument\u00f3w<\/td><td class=\"has-text-align-left\" data-align=\"left\">500,00 PLN<\/td><\/tr><tr><td>od 51 do 100 dokument\u00f3w<\/td><td class=\"has-text-align-left\" data-align=\"left\">750,00 PLN<\/td><\/tr><tr><td>powy\u017cej 101<\/td><td class=\"has-text-align-left\" data-align=\"left\">do negocjacji<\/td><\/tr><\/tbody><\/table><\/figure>\n<\/div>\n\n\n\n<div class=\"wp-block-column is-layout-flow wp-block-column-is-layout-flow\">\n<p class=\"has-text-align-center has-text-color has-link-color wp-elements-be3b40d79fb66dbe29411bd82f59338d\" style=\"color:#100368\"><\/p>\n<\/div>\n<\/div>\n\n\n\n<div style=\"height:6px\" aria-hidden=\"true\" class=\"wp-block-spacer\"><\/div>\n\n\n\n<div class=\"wp-block-group is-vertical is-content-justification-center is-layout-flex wp-container-core-group-is-layout-3cefd7da wp-block-group-is-layout-flex\" style=\"padding-right:0;padding-left:0\">\n<h3 class=\"wp-block-heading has-text-align-center is-style-default has-text-color has-link-color wp-elements-329ac90f176a4ca5a28ce8b3c63d1f93\" style=\"color:#100368\">DODATKOWE INFORMACJE<\/h3>\n\n\n\n<div style=\"height:0px\" aria-hidden=\"true\" class=\"wp-block-spacer wp-container-content-2aa4ec05\"><\/div>\n<\/div>\n\n\n\n<div class=\"wp-block-columns is-layout-flex wp-container-core-columns-is-layout-2d7698b3 wp-block-columns-is-layout-flex\" style=\"padding-right:0;padding-left:0\">\n<div class=\"wp-block-column is-layout-flow wp-block-column-is-layout-flow\">\n<p class=\"has-text-align-center has-text-color has-link-color wp-elements-c6e17afacef60b18f89b61fda05dd4e3\" style=\"color:#100368\"><strong>KSI\u0118GOWO\u015a\u0106 PE\u0141NA (KSI\u0118GA HANDLOWA)<\/strong><\/p>\n\n\n\n<figure class=\"wp-block-table alignleft is-style-stripes\" style=\"padding-top:0;padding-right:0;padding-bottom:0;padding-left:0\"><table class=\"has-base-background-color has-text-color has-background has-link-color has-fixed-layout\" style=\"color:#100368\"><thead><tr><th>*ilo\u015b\u0107 dokument\u00f3w<\/th><th class=\"has-text-align-left\" data-align=\"left\"><\/th><\/tr><\/thead><tbody><tr><td>faktury sprzeda\u017cy <br>faktury zakupu<br>raporty sprzeda\u017cy<br>inne<\/td><td class=\"has-text-align-left\" data-align=\"left\">liczone wg zaksi\u0119gowanych sztuk<\/td><\/tr><tr><td>wyci\u0105gi bankowe <br>amortyzacja<br>rozliczenia mi\u0119dzyokresowe<br>polecenia ksi\u0119gowania<br>listy p\u0142ac<\/td><td class=\"has-text-align-left\" data-align=\"left\">liczone wg zaksi\u0119gowanych pozycji<\/td><\/tr><\/tbody><\/table><\/figure>\n\n\n\n<figure class=\"wp-block-table alignleft is-style-stripes\" style=\"padding-top:0;padding-right:0;padding-bottom:0;padding-left:0\"><table class=\"has-base-background-color has-text-color has-background has-link-color has-fixed-layout\" style=\"color:#100368\"><thead><tr><th>DODATKOWE KOSZTY<\/th><th class=\"has-text-align-left\" data-align=\"left\"><\/th><\/tr><\/thead><tbody><tr><td>Zamkni\u0119cie roczne ksi\u0105g<br>rachunkowych oraz<br>sporz\u0105dzenie sprawozdania<br>finansowego<\/td><td class=\"has-text-align-left\" data-align=\"left\">cena us\u0142ugi z grudnia\/ z ostatniego m-ca sprawozdawczego roku bilansowego<\/td><\/tr><tr><td>Sprawozdania okresowe<\/td><td class=\"has-text-align-left\" data-align=\"left\">75,00 PLN\/h min. 5h<\/td><\/tr><tr><td>Us\u0142ugi ksi\u0119gowe dodatkowe:<br><br>1. polityka rachunkowo\u015bci<br>2. plan kont<br>3. us\u0142ugi administracyjne,<br>wyja\u015bnienia, pisma urz\u0119dowe 4.<br>przygotowywanie dokument\u00f3w<br>do leasingu lub kredytu<\/td><td class=\"has-text-align-left\" data-align=\"left\">75,00 PLN\/h<\/td><\/tr><tr><td>Koszty przesy\u0142ek pocztowych <br>i kurierskich wed\u0142ug<br>rzeczywi\u015bcie poniesionych<br>koszt\u00f3w<br><br>Koszty op\u0142at i innych wydatk\u00f3w<br>poniesionych na rzecz lub <br>w imieniu Klienta<br><br>PIT-36, PIT-37, PIT-28, i inne deklaracje roczne<br><br>Inne administracyjne op\u0142aty<br><br>Inne dodatkowe<\/td><td class=\"has-text-align-left\" data-align=\"left\">wed\u0142ug rzeczywi\u015bcie poniesionych koszt\u00f3w<br><br><br>100,00 PLN<\/td><\/tr><\/tbody><\/table><\/figure>\n<\/div>\n\n\n\n<div class=\"wp-block-column is-layout-flow wp-block-column-is-layout-flow\">\n<p class=\"has-text-align-center has-text-color has-link-color wp-elements-c4df2ee1261250c53114d4eb334177f9\" style=\"color:#100368\"><strong>KPiR<\/strong><\/p>\n\n\n\n<figure class=\"wp-block-table alignleft is-style-stripes\" style=\"padding-top:0;padding-right:0;padding-bottom:0;padding-left:0\"><table class=\"has-base-background-color has-text-color has-background has-link-color has-fixed-layout\" style=\"color:#100368\"><thead><tr><th>*ilo\u015b\u0107 dokument\u00f3w<\/th><th class=\"has-text-align-left\" data-align=\"left\"><\/th><\/tr><\/thead><tbody><tr><td>faktury sprzeda\u017cy <br>faktury zakupu<br>raporty sprzeda\u017cy<br>inne<\/td><td class=\"has-text-align-left\" data-align=\"left\">liczone wg zaksi\u0119gowanych sztuk<\/td><\/tr><tr><td>wyci\u0105gi bankowe <br>amortyzacja<br>rozliczenia mi\u0119dzyokresowe<br>polecenia ksi\u0119gowania<br>listy p\u0142ac<\/td><td class=\"has-text-align-left\" data-align=\"left\">liczone wg zaksi\u0119gowanych pozycji<\/td><\/tr><\/tbody><\/table><\/figure>\n\n\n\n<figure class=\"wp-block-table alignleft is-style-stripes\" style=\"padding-top:0;padding-right:0;padding-bottom:0;padding-left:0\"><table class=\"has-base-background-color has-text-color has-background has-link-color has-fixed-layout\" style=\"color:#100368\"><thead><tr><th>DODATKOWE KOSZTY<\/th><th class=\"has-text-align-left\" data-align=\"left\"><\/th><\/tr><\/thead><tbody><tr><td>Zamkni\u0119cie roczne ksi\u0105g<br>podatkowych:<br>&#8211; KPiR<br>&#8211; rycza\u0142t<\/td><td class=\"has-text-align-left\" data-align=\"left\">\u015brednia cena us\u0142ug z ostatnich <br>3 miesi\u0119cy, min. 500,00 PLN<\/td><\/tr><tr><td>Sprawozdania okresowe<\/td><td class=\"has-text-align-left\" data-align=\"left\">75,00 PLN\/h min. 2h<\/td><\/tr><tr><td>Koszty przesy\u0142ek pocztowych i<br>kurierskich wed\u0142ug<br>rzeczywi\u015bcie poniesionych<br>koszt\u00f3w<br><br>Koszty op\u0142at i innych wydatk\u00f3w<br>poniesionych na rzecz lub <br>w imieniu Klienta<br><br>PIT-36, PIT-37, PIT-28, i inne roczne<br><br>Inne administracyjne op\u0142aty<br><br>Inne dodatkowe<\/td><td class=\"has-text-align-left\" data-align=\"left\">wed\u0142ug rzeczywi\u015bcie poniesionych koszt\u00f3w<br><br><br>100,00 PLN<\/td><\/tr><\/tbody><\/table><\/figure>\n<\/div>\n<\/div>\n\n\n\n<div style=\"height:27px\" aria-hidden=\"true\" class=\"wp-block-spacer\"><\/div>\n\n\n\n<div id=\"kadrowo-placowe\" class=\"wp-block-group is-vertical is-content-justification-center is-layout-flex wp-container-core-group-is-layout-3cefd7da wp-block-group-is-layout-flex\" style=\"padding-right:0;padding-left:0\">\n<h3 class=\"wp-block-heading has-text-align-center is-style-default has-text-color has-link-color wp-elements-6ac25eba0091e317491b7977bb9c7a7c\" style=\"color:#100368\">CENNIK US\u0141UG KADROWO-P\u0141ACOWYCH<\/h3>\n\n\n\n<div style=\"height:0px\" aria-hidden=\"true\" class=\"wp-block-spacer wp-container-content-2aa4ec05\"><\/div>\n<\/div>\n\n\n\n<div class=\"wp-block-columns is-layout-flex wp-container-core-columns-is-layout-2d7698b3 wp-block-columns-is-layout-flex\" style=\"padding-right:0;padding-left:0\">\n<div class=\"wp-block-column is-layout-flow wp-block-column-is-layout-flow\">\n<p class=\"has-text-align-center has-text-color has-link-color wp-elements-eac272c50db18419f945d6e265a463ec\" style=\"color:#100368\"><strong>PE\u0141NA OBS\u0141UGA KADROWO \u2013 P\u0141ACOWA (UMOWY O PRAC\u0118)<\/strong><\/p>\n\n\n\n<figure class=\"wp-block-table alignleft is-style-stripes\" style=\"padding-top:0;padding-right:0;padding-bottom:0;padding-left:0\"><table class=\"has-base-background-color has-text-color has-background has-link-color has-fixed-layout\" style=\"color:#100368\"><thead><tr><th>Ilo\u015b\u0107 Pracownik\u00f3w<\/th><th class=\"has-text-align-left\" data-align=\"left\">Cena brutto\/mc PLN<\/th><\/tr><\/thead><tbody><tr><td>Cena brutto za 1 osob\u0119\/m-c PLN<\/td><td class=\"has-text-align-left\" data-align=\"left\"><br>75,00 PLN za osob\u0119<br><\/td><\/tr><tr><td><\/td><td class=\"has-text-align-left\" data-align=\"left\"><\/td><\/tr><\/tbody><\/table><\/figure>\n<\/div>\n\n\n\n<div class=\"wp-block-column is-layout-flow wp-block-column-is-layout-flow\">\n<p class=\"has-text-align-center has-text-color has-link-color wp-elements-a0bd1b3cef6392f4cddd6fb8886ac026\" style=\"color:#100368\"><strong>PE\u0141NA OBS\u0141UGA KADROWO \u2013 P\u0141ACOWA (UMOWY CYWILNOPRAWNE)<\/strong><\/p>\n\n\n\n<figure class=\"wp-block-table alignleft is-style-stripes\" style=\"padding-top:var(--wp--preset--spacing--20);padding-right:0;padding-bottom:var(--wp--preset--spacing--20);padding-left:0\"><table class=\"has-base-background-color has-text-color has-background has-link-color has-fixed-layout\" style=\"color:#100368\"><thead><tr><th><\/th><th class=\"has-text-align-left\" data-align=\"left\"><\/th><\/tr><\/thead><tbody><tr><td>Cena brutto za 1 osob\u0119 \/m-c PLN<\/td><td class=\"has-text-align-left\" data-align=\"left\">40,00 PLN<\/td><\/tr><\/tbody><\/table><\/figure>\n<\/div>\n<\/div>\n\n\n\n<div class=\"wp-block-group is-vertical is-content-justification-center is-layout-flex wp-container-core-group-is-layout-3cefd7da wp-block-group-is-layout-flex\" style=\"padding-right:0;padding-left:0\">\n<h3 class=\"wp-block-heading has-text-align-center is-style-default has-text-color has-link-color wp-elements-329ac90f176a4ca5a28ce8b3c63d1f93\" style=\"color:#100368\">DODATKOWE INFORMACJE<\/h3>\n\n\n\n<div style=\"height:0px\" aria-hidden=\"true\" class=\"wp-block-spacer wp-container-content-2aa4ec05\"><\/div>\n<\/div>\n\n\n\n<figure class=\"wp-block-table alignleft is-style-stripes\" style=\"padding-top:0;padding-right:0;padding-bottom:0;padding-left:0\"><table class=\"has-base-background-color has-text-color has-background has-link-color has-fixed-layout\" style=\"color:#100368\"><thead><tr><th>US\u0141UGI DODATKOWE<\/th><th class=\"has-text-align-left\" data-align=\"left\"><\/th><\/tr><\/thead><tbody><tr><td>Koszty przesy\u0142ek pocztowych i kurierskich, koszty op\u0142at <br>i innych wydatk\u00f3w poniesionych na rzecz lub w imieniu<br>Klienta<\/td><td class=\"has-text-align-left\" data-align=\"left\">wed\u0142ug rzeczywi\u015bcie poniesionych koszt\u00f3w &#8211; ponosi Klient<\/td><\/tr><tr><td>Przygotowanie teczek\/akt osobowych <br>i odes\u0142anie do klienta<\/td><td class=\"has-text-align-left\" data-align=\"left\">30,00 PLN \/ za sztuk\u0119 (koszt przesy\u0142ki kurierskiej po stronie Klienta)<\/td><\/tr><tr><td>Przygotowywanie dokument\u00f3w do kontroli instytucji<br>pa\u0144stwowych:<br>&#8211; audyt dokumentacji, rozlicze\u0144, ewidencji, itp.<br>&#8211; prace naprawcze<br>&#8211; korespondencja z instytucj\u0105<br>&#8211; prace przy rekontroli<\/td><td class=\"has-text-align-left\" data-align=\"left\">75,00 PLN\/ za ka\u017cd\u0105 rozpocz\u0119t\u0105 godzin\u0119<\/td><\/tr><tr><td>Sporz\u0105dzenie regulamin\u00f3w<\/td><td class=\"has-text-align-left\" data-align=\"left\">200,00 PLN\/ za sztuk\u0119<\/td><\/tr><tr><td>Sporz\u0105dzenie regulamin\u00f3w &#8211; niestandardowe podej\u015bcia<\/td><td class=\"has-text-align-left\" data-align=\"left\">100,00 PLN\/ za 1h<\/td><\/tr><tr><td>Sporz\u0105dzenie deklaracji PIT-4R, PIT-8AR, ZUS IWA<\/td><td class=\"has-text-align-left\" data-align=\"left\">115,00 PLN\/ za ka\u017cd\u0105 deklaracj\u0119<\/td><\/tr><tr><td>Sporz\u0105dzenie deklaracji PIT-11, korekty PIT-11 z przyczyn<br>niele\u017c\u0105cych po stronie Wykonawcy<\/td><td class=\"has-text-align-left\" data-align=\"left\">45,00 PLN\/ za osob\u0119<\/td><\/tr><tr><td>Sporz\u0105dzenie RP-7<\/td><td class=\"has-text-align-left\" data-align=\"left\">120,00 PLN\/ za osob\u0119<\/td><\/tr><tr><td>Sporz\u0105dzenie RP-7 niestandardowe przypadki<br>*(w tym \u015bci\u0105ganie dokumentacji z innych \u017ar\u00f3de\u0142-archiwa)<\/td><td class=\"has-text-align-left\" data-align=\"left\">70,00 PLN\/ za ka\u017cd\u0105 rozpocz\u0119t\u0105 godzin\u0119<\/td><\/tr><tr><td>Szkolenia BHP (wst\u0119pne i okresowe)<\/td><td class=\"has-text-align-left\" data-align=\"left\">45,00 PLN\/ za osob\u0119<\/td><\/tr><tr><td>Dodatkowo us\u0142ugi: <br>&#8211; audyt dokument\u00f3w <br>&#8211; przygotowanie\/odtworzenie brak\u00f3w w dokumentacji <br>&#8211; RODO<strong>*<\/strong><br>&#8211; dostosowanie rekrutacji wg ustawy o promocji zatrudnienia <br>oraz wymaga\u0144 RODO<strong>*<\/strong><br>&#8211; audyt implementacji przepis\u00f3w Kodeksu pracy w organizacji <br>&#8211; niestandardowe za\u015bwiadczenia do instytucji pa\u0144stwowych, bankowych<br>&#8211; korespondencja z komornikami<br>&#8211; przygotowanie dokumentacji PPK do zawarcie umowy o zarz\u0105dzenie<br>&#8211; druk Z-3<br>&#8211; deklaracje GUS<br>&#8211; przygotowywanie dokumentacji do OHP, zawarcie umowy o dof. UM, skierowania i dokumenty na egzamin<\/td><td class=\"has-text-align-left\" data-align=\"left\">75,00 PLN\/ za ka\u017cd\u0105 rozpocz\u0119t\u0105 godzin\u0119<br><strong>*<\/strong>cena ustalana indywidualnie &#8211; us\u0142uga jest realizowana przez podmiot zewn\u0119trzny<\/td><\/tr><tr><td>Przygotowywanie korekt deklaracji:<br>&#8211; podatkowych<br>&#8211; ubezpieczeniowych<br>&#8211; innych raport\u00f3w za dany okres sprawozdawczy,<br>w zwi\u0105zku z niedope\u0142nieniem obowi\u0105zk\u00f3w po stronie<br>Klienta<\/td><td class=\"has-text-align-left\" data-align=\"left\">100,00 PLN\/ za ka\u017cd\u0105 rozpocz\u0119t\u0105 godzin\u0119<\/td><\/tr><tr><td>Przygotowywanie korekt deklaracji ubezpieczeniowych <br>za dany okres sprawozdawczy,w zwi\u0105zku z przekroczeniem <br>podstawy sk\u0142adek na ubezpieczenie spo\u0142eczne<\/td><td class=\"has-text-align-left\" data-align=\"left\">100,00 PLN\/ za ka\u017cd\u0105 rozpocz\u0119t\u0105 godzin\u0119<\/td><\/tr><\/tbody><\/table><\/figure>\n\n\n\n<p><\/p>\n\n\n\n<div style=\"height:var(--wp--preset--spacing--20)\" aria-hidden=\"true\" class=\"wp-block-spacer\"><\/div>\n\n\n\n<p class=\"has-small-font-size\"><strong>*<\/strong>Wszystkie ceny s\u0105 cenami brutto (us\u0142uga zwolniona z VAT). Ceny nie stanowi\u0105 oferty handlowej, maj\u0105 jedynie charakter pogl\u0105dowy. Ostateczne kwoty za us\u0142ugi ksi\u0119gowe i\/lub p\u0142acowe ustalane s\u0105 z klientem przy uzgadnianiu warunk\u00f3w umowy i uzale\u017cnione jest min. od stopnia z\u0142o\u017cono\u015bci operacji gospodarczych\/stanu zatrudnienia.<\/p>\n<\/div>\n<\/div>\n","protected":false},"excerpt":{"rendered":"<p>CENNIK US\u0141UG KSI\u0118GOWYCH KSI\u0118GOWO\u015a\u0106 PE\u0141NA (KSI\u0118GA HANDLOWA) Ilo\u015b\u0107 dokument\u00f3w Cena brutto\/mc PLN do 50 dokument\u00f3w 1 000,00 PLN od 51 do 100 dokument\u00f3w 1 500,00 PLN od 100 do 200 dokument\u00f3w 2 000,00 PLN od 201 do 300 dokument\u00f3w 2 500,00 PLN powy\u017cej 301 do negocjacji KPiR Ilo\u015b\u0107 dokument\u00f3w Cena brutto\/mc PLN do 20 dokument\u00f3w [&hellip;]<\/p>\n","protected":false},"author":1,"featured_media":0,"parent":0,"menu_order":0,"comment_status":"closed","ping_status":"closed","template":"","meta":{"footnotes":""},"class_list":["post-182","page","type-page","status-publish","hentry"],"_links":{"self":[{"href":"https:\/\/amekspertki.pl\/index.php?rest_route=\/wp\/v2\/pages\/182","targetHints":{"allow":["GET"]}}],"collection":[{"href":"https:\/\/amekspertki.pl\/index.php?rest_route=\/wp\/v2\/pages"}],"about":[{"href":"https:\/\/amekspertki.pl\/index.php?rest_route=\/wp\/v2\/types\/page"}],"author":[{"embeddable":true,"href":"https:\/\/amekspertki.pl\/index.php?rest_route=\/wp\/v2\/users\/1"}],"replies":[{"embeddable":true,"href":"https:\/\/amekspertki.pl\/index.php?rest_route=%2Fwp%2Fv2%2Fcomments&post=182"}],"version-history":[{"count":30,"href":"https:\/\/amekspertki.pl\/index.php?rest_route=\/wp\/v2\/pages\/182\/revisions"}],"predecessor-version":[{"id":332,"href":"https:\/\/amekspertki.pl\/index.php?rest_route=\/wp\/v2\/pages\/182\/revisions\/332"}],"wp:attachment":[{"href":"https:\/\/amekspertki.pl\/index.php?rest_route=%2Fwp%2Fv2%2Fmedia&parent=182"}],"curies":[{"name":"wp","href":"https:\/\/api.w.org\/{rel}","templated":true}]}}