{"id":3,"date":"2023-12-09T22:00:21","date_gmt":"2023-12-09T21:00:21","guid":{"rendered":"http:\/\/amekspertki.pl\/?page_id=3"},"modified":"2024-01-05T17:08:06","modified_gmt":"2024-01-05T16:08:06","slug":"polityka-prywatnosci","status":"publish","type":"page","link":"https:\/\/amekspertki.pl\/?page_id=3","title":{"rendered":"Polityka prywatno\u015bci"},"content":{"rendered":"\n<p class=\"has-medium-font-size\"><strong>Wsp\u00f3\u0142administratorzy danych<\/strong><\/p>\n\n\n\n<p>Ten dokument (\u201c<strong>Polityka prywatno\u015bci<\/strong>\u201d) opisuje to w jaki spos\u00f3b A&amp;M Agnieszka Ostrowska z siedzib\u0105 przy ul. O\u015b Kr\u00f3lewska 18a\/1 w Warszawie, NIP 8451790942 lub A&amp;M Monika Marciniak z siedzib\u0105 w Dziuchowie 3B, Niemce\/k. Lublina, NIP 7132519837 dzia\u0142aj\u0105c jako wsp\u00f3\u0142administratorzy (\u201c<strong>A&amp;M Ekspertki<\/strong>\u201d) przetwarzaj\u0105 dane osobowe (\u201c<strong>Dane<\/strong>\u201d) klient\u00f3w, os\u00f3b kontaktuj\u0105cych si\u0119 z A&amp;M Ekspertki w r\u00f3\u017cnych celach, a tak\u017ce os\u00f3b odwiedzaj\u0105cych stron\u0119 internetow\u0105 <a href=\"http:\/\/www.amekspertki.pl\">www.amekspertki.pl<\/a> (\u201c<strong>Strona<\/strong>\u201d).<\/p>\n\n\n\n<p><strong>Troszczymy si\u0119 o Twoj\u0105 prywatno\u015b\u0107<\/strong><\/p>\n\n\n\n<p>Dlatego za ka\u017cdym razem, gdy uzyskujemy dost\u0119p do Twoich Danych, upewniamy si\u0119, \u017ce s\u0105 one przetwarzane zgodnie z obowi\u0105zuj\u0105cym prawem oraz z zachowaniem najwy\u017cszych standard\u00f3w prywatno\u015bci i bezpiecze\u0144stwa. Przede wszystkim przetwarzamy Twoje Dane zgodnie z Rozporz\u0105dzeniem Parlamentu Europejskiego i Rady (UE) 2016\/679 z dnia 27 kwietnia 2016 r. w sprawie ochrony os\u00f3b fizycznych w zwi\u0105zku z przetwarzaniem danych osobowych i w sprawie swobodnego przep\u0142ywu takich danych oraz uchylenia dyrektywy 95\/46\/WE (og\u00f3lne rozporz\u0105dzenie o ochronie danych) (\u201c<strong>RODO<\/strong>\u201d). Stosujemy rygorystyczne \u015brodki techniczne i organizacyjne w celu zabezpieczenia wszystkich przetwarzanych przez nas Danych przed utrat\u0105, zniszczeniem lub nieautoryzowanym dost\u0119pem os\u00f3b trzecich.<\/p>\n\n\n\n<p><strong>\u0179r\u00f3d\u0142o pozyskiwanych Danych<\/strong><\/p>\n\n\n\n<p>Mo\u017cemy pozyskiwa\u0107 od Ciebie lub od jednego z naszych Klient\u00f3w w zwi\u0105zku z negocjowaniem, zawieraniem, realizacj\u0105 umowy zawartej z nami umowy <br>lub w zwi\u0105zku z procesem jej archiwizacji.<\/p>\n\n\n\n<p>Mo\u017cemy r\u00f3wnie\u017c przetwarza\u0107 Dane, kt\u00f3re pozyskali\u015bmy z publicznie dost\u0119pnych baz danych, np. Centralna Ewidencja i Informacja o Dzia\u0142alno\u015bci Gospodarczej, Krajowy Rejestr S\u0105dowy czy Centralny Rejestr Beneficjent\u00f3w Rzeczywistych.<\/p>\n\n\n\n<p>Danymi, kt\u00f3re pozyskujemy w zale\u017cno\u015bci od cel\u00f3w ich przetwarzania, w szczeg\u00f3lno\u015bci mog\u0105 by\u0107:<\/p>\n\n\n\n<ul class=\"wp-block-list\">\n<li>podstawowe dane identyfikuj\u0105ce (imi\u0119 i nazwisko),<\/li>\n\n\n\n<li>firma (nazwa),<\/li>\n\n\n\n<li>dane kontaktowe (nr telefonu, adres e-mail),<\/li>\n\n\n\n<li>dane adresowe (adres zamieszkania, miejsce pobytu),<\/li>\n\n\n\n<li>dane dotycz\u0105ce numer\u00f3w identyfikacyjnych (seria i nr dowodu osobistego, PESEL, NIP),<\/li>\n\n\n\n<li>informacje o mocodawcy,<\/li>\n\n\n\n<li>dane dotycz\u0105ce posiadanego obywatelstwa,<\/li>\n\n\n\n<li>informacje dotycz\u0105ce do\u015bwiadczenia zawodowego.<\/li>\n<\/ul>\n\n\n\n<p><strong>Niekt\u00f3re Dane pozyskujemy w spos\u00f3b automatyczny<\/strong><\/p>\n\n\n\n<p>Nasza Strona, gdy z niej korzystasz mo\u017ce zbiera\u0107 niekt\u00f3re Dane automatycznie. Mo\u017cemy uzyskiwa\u0107 informacje w spos\u00f3b zautomatyzowany, np. za pomoc\u0105 plik\u00f3w cookie przegl\u0105darki, pikseli, dziennik\u00f3w serwera sieciowego, sygna\u0142\u00f3w nawigacyjnych i innych technologii.<\/p>\n\n\n\n<p><strong>Cele i podstawy prawne przetwarzania Danych<\/strong><\/p>\n\n\n\n<ul class=\"wp-block-list\">\n<li><strong>\u015awiadczenie us\u0142ug<\/strong><strong>. <\/strong>Wykorzystujemy Twoje Dane do \u015bwiadczenia na Twoj\u0105 rzecz us\u0142ug, a tak\u017ce do przyjmowania lub dokonywania p\u0142atno\u015bci z nimi zwi\u0105zanych lub kontaktowania si\u0119 z Tob\u0105 w tej sprawie. Podstaw\u0105 prawn\u0105 przetwarzania jest niezb\u0119dno\u015b\u0107 do wykonania umowy, kt\u00f3rej Ty jeste\u015b stron\u0105 (Artyku\u0142 6 ust. 1. lit. b RODO). Okres retencji dla takiego przetwarzania danych trwa do momentu zako\u0144czenia \u0142\u0105cz\u0105cej nas umowy.<\/li>\n\n\n\n<li><strong>\u015awiadczenie us\u0142ug naszemu Klientowi<\/strong>. Wykorzystujemy Twoje Dane w celu zawarcia lub wykonania umowy pomi\u0119dzy nami a podmiotem, z kt\u00f3rym jeste\u015b powi\u0105zany lub kt\u00f3ry reprezentujesz (np. Klienta, kontrahenta lub innego podmiotu kontaktuj\u0105cego si\u0119 z nami). Podstaw\u0105 prawn\u0105 przetwarzania jest uzasadniony interes administratora w postaci realizacji zawartych um\u00f3w (Artyku\u0142 6 ust. 1. lit. f RODO). Okres retencji dla takiego przetwarzania danych trwa do momentu wykonania, rozwi\u0105zania lub wyga\u015bni\u0119cia umowy zawartej z naszym klientem.<\/li>\n\n\n\n<li><strong>Rozpatrywanie Twoich \u017c\u0105da\u0144.<\/strong> B\u0119dziemy przetwarza\u0107 Twoje Dane, aby odpowiedzie\u0107 na Twoje pro\u015bby lub reklamacje. Podstaw\u0105 prawn\u0105 przetwarzania danych jest uzasadniony interes administratora (Artyku\u0142 6 ust. 1 lit. f RODO). Tym uzasadnionym interesem jest umo\u017cliwienie nam w\u0142a\u015bciwej obs\u0142ugi Twojej reklamacji. Okres retencji dla takiego przetwarzania trwa do czasu przedawnienia roszcze\u0144 wynikaj\u0105cych ze z\u0142o\u017conych przez Ciebie pr\u00f3\u015bb lub reklamacji.<\/li>\n\n\n\n<li><strong>Przestrzeganie obowi\u0105zk\u00f3w wynikaj\u0105cych z prawa<\/strong>, norm i standard\u00f3w bran\u017cowych oraz wewn\u0119trznych regulacji A&amp;M Ekspertki, w tym Polityki prywatno\u015bci. W niekt\u00f3rych przypadkach gromadzimy i wykorzystujemy Dane u\u017cytkownika w celu zachowania zgodno\u015bci z przepisami prawa, na przyk\u0142ad Dane dotycz\u0105ce p\u0142atno\u015bci s\u0105 przetwarzane w celu wype\u0142nienia obowi\u0105zk\u00f3w podatkowych i ksi\u0119gowych. Podstaw\u0105 prawn\u0105 przetwarzania danych jest konieczno\u015b\u0107 wype\u0142nienia obowi\u0105zku prawnego ci\u0105\u017c\u0105cego na administratorze (Artyku\u0142 6 ust. 1 lit. c RODO). Okres retencji takich danych trwa do czasu, gdy stosowne przepisy prawa uprawniaj\u0105 Nas do ich przetwarzania.<\/li>\n\n\n\n<li><strong>Kontakt. <\/strong>U\u017cywamy Twoich danych do komunikacji z Tob\u0105 za po\u015brednictwem r\u00f3\u017cnych kana\u0142\u00f3w. Podstaw\u0105 prawn\u0105 przetwarzania danych jest uzasadniony interes administratora (art. 6 ust. 1 lit. f) RODO). Tym uzasadnionym interesem jest zapewnienie w\u0142a\u015bciwej komunikacji z Tob\u0105. Okres retencji dla takiego przetwarzania danych trwa do momentu wniesienia sprzeciwu wobec przetwarzania, w ka\u017cdym razie nie d\u0142u\u017cej ni\u017c 5 lat.<\/li>\n\n\n\n<li><strong>Dochodzenie i obrona roszcze\u0144<\/strong>. Przetwarzamy Twoje Dane w celu dochodzenia lub obrony naszych roszcze\u0144 lub interes\u00f3w. Podstaw\u0105 prawna takie przetwarzania jest uzasadniony interes administratora art. 6 ust. 1 lit. f) RODO). Tym uzasadnionym interesem jest dochodzenia roszcze\u0144 lub obrona praw przys\u0142uguj\u0105ce administratorowi. Dane s\u0105 przechowywane przez okres istnienia prawnie uzasadnionego interesu realizowanego przez nas, nie d\u0142u\u017cej jednak ni\u017c przez okres przedawnienia roszcze\u0144 (podstawowy termin przedawnienia dla roszcze\u0144 wynosi sze\u015b\u0107 lat).<\/li>\n\n\n\n<li><strong>Analiza i personalizacja Strony<\/strong><strong>. <\/strong>U\u017cywamy Twoich Danych w celu personalizacji tre\u015bci oraz analizy Strony i ruchu w sieci. W tym celu u\u017cywamy plik\u00f3w cookie. Podstaw\u0105 prawn\u0105 przetwarzania jest uzasadniony interes realizowany przez administratora (art. 6 ust. 1 lit. f RODO), polegaj\u0105cy na analizie aktywno\u015bci u\u017cytkownika w celu optymalizacji funkcjonowania Strony. Okres przechowywania takich danych trwa do czasu skutecznego wniesienia sprzeciwu wobec ich przetwarzania, jednak nie d\u0142u\u017cej ni\u017c jest to niezb\u0119dne do cel\u00f3w takiego przetwarzania.<\/li>\n<\/ul>\n\n\n\n<p><strong>Dobrowolne podanie Danych<\/strong><\/p>\n\n\n\n<p>Podanie Danych jest dobrowolne. Jednak\u017ce, bez otrzymania niezb\u0119dnych Danych, mo\u017cemy nie by\u0107 w stanie wykona\u0107 niekt\u00f3rych dzia\u0142a\u0144 zleconych przez Ciebie. Bez podania danych niezb\u0119dnych do rozpocz\u0119cia \u015bwiadczenia Naszych us\u0142ug nie mo\u017cemy ich \u015bwiadczy\u0107 &#8211; ich przekazanie jest zatem warunkiem zawarcia <br>z Nami umowy.<\/p>\n\n\n\n<p><strong>Odbiorcy Danych<\/strong><\/p>\n\n\n\n<p>W niekt\u00f3rych sytuacjach mo\u017cemy by\u0107 zmuszeni do udost\u0119pnienia Twoich Danych stronom trzecim, takim jak:<\/p>\n\n\n\n<ul class=\"wp-block-list\">\n<li><strong>zewn\u0119trzni dostawcy us\u0142ug &#8211; <\/strong>zatrudniamy inne firmy i osoby do wykonywania zada\u0144 w naszym imieniu. Przyk\u0142ady obejmuj\u0105: \u015bwiadczenie wsparcia marketingowego, \u015bwiadczenie us\u0142ug prawnych, \u015bwiadczenie us\u0142ug IT. Tego rodzaju us\u0142ugodawcy zewn\u0119trzni maj\u0105 dost\u0119p do danych u\u017cytkownika w zakresie niezb\u0119dnym do wykonywania swoich funkcji, ale nie mog\u0105 ich wykorzystywa\u0107 do innych cel\u00f3w. Ponadto musz\u0105 oni przetwarza\u0107 Dane osobowe zgodnie <br>z postanowieniami um\u00f3w o powierzeniu przetwarzania danych i obowi\u0105zuj\u0105cymi przepisami o ochronie danych;<\/li>\n\n\n\n<li><strong>organy publiczne<\/strong> &#8211; w zwi\u0105zku z prowadzonymi przez nie post\u0119powaniami na podstawie w\u0142a\u015bciwych przepis\u00f3w prawa.<\/li>\n<\/ul>\n\n\n\n<p><strong>Przekazywanie danych do pa\u0144stw spoza E<\/strong><strong>uropejskiego Obszaru Gospodarczego<\/strong><\/p>\n\n\n\n<p>Nie przekazujemy i nie planujemy przekazywa\u0107 Dane u\u017cytkownik\u00f3w pochodz\u0105cych z Europejskiego Obszaru Gospodarczego do pa\u0144stw spoza tego obszaru.<\/p>\n\n\n\n<p>Je\u017celi w zwi\u0105zku z realizacj\u0105 us\u0142ugi dla Ciebie lub naszego klienta, zajdzie konieczno\u015b\u0107 przekazania Danych do us\u0142ugodawc\u00f3w lub innych stron trzecich poza Europejskiego Obszaru Gospodarczego, dokonamy takiego transferu tylko do: (a) podmiot\u00f3w zlokalizowanych w krajach, w kt\u00f3rych Komisja UE stwierdzi\u0142a odpowiedni stopie\u0144 ochrony w rozumieniu art. 45 ust. 3 RODO; (b) w przypadku braku takiej decyzji, podstaw\u0105 prawn\u0105 przekazywania Danych jest umowa oparta o standardowe klauzule umowne stanowi\u0105ce zbi\u00f3r zasad przyj\u0119tych przez Komisj\u0119 Europejsk\u0105, kt\u00f3re zgodnie z art. 46 RODO zapewniaj\u0105 bezpiecze\u0144stwo przekazania Danych; (c) na podstawie Twojej zgody (art. 49 ust. 1 lit. a) RODO). W\u00f3wczas o takim transferze Danych zostaniesz przez nas poinformowany.<\/p>\n\n\n\n<p><strong>Wsp\u00f3\u0142administrowanie Danymi<\/strong><\/p>\n\n\n\n<p>A&amp;M Ekspertki, czyli A&amp;M Agnieszka Ostrowska z siedzib\u0105 przy ul. O\u015b Kr\u00f3lewska 18a\/1 w Warszawie, NIP 8451790942 oraz A&amp;M Monika Marciniak z siedzib\u0105 <br>w Dziuchowie 3B, Niemce\/k. Lublina, NIP 7132519837 wsp\u00f3lnie przetwarzaj\u0105 Twoje Dane w ramach prowadzenia swoich dzia\u0142alno\u015bci gospodarczych, g\u0142\u00f3wnie <br>w ramach dzia\u0142alno\u015bci marketingowych.<\/p>\n\n\n\n<p>W zale\u017cno\u015bci od tego, z kt\u00f3rym z podmiot\u00f3w masz zawart\u0105 umow\u0119, ten podmiot w imieniu A&amp;M Ekspertki odpowiada wobec Ciebie za przetwarzanie Danych zgodnie z prawem oraz realizacj\u0105 wobec Ciebie Twoich praw.<\/p>\n\n\n\n<p><strong>Twoje prawa<\/strong><\/p>\n\n\n\n<p>W zwi\u0105zku z przetwarzaniem przez nas Twoich Danych przys\u0142uguje Ci szereg uprawnie\u0144, takich jak:<\/p>\n\n\n\n<ul class=\"wp-block-list\">\n<li>prawo \u017c\u0105dania od nas dost\u0119pu do swoich Danych, prawo do ich sprostowania lub usuni\u0119cia (\u201eprawo do bycia zapomnianym\u201d);<\/li>\n\n\n\n<li>prawo do wniesienia sprzeciwu z przyczyn zwi\u0105zanych z Twoj\u0105 szczeg\u00f3ln\u0105 sytuacj\u0105, je\u017celi Twoje Dane przetwarzamy na podstawie prawnie uzasadnionego interesu. Jednak\u017ce b\u0119dziemy dalej przetwarza\u0107 te Dane w niezb\u0119dnym zakresie, w przypadku zaistnienia uzasadnionego powodu;<\/li>\n\n\n\n<li>prawo do przenoszenia lub ograniczenia Danych przetwarzanych w zwi\u0105zku z wykonaniem umowy lub na podstawie Twojej zgody;<\/li>\n\n\n\n<li>je\u017celi podstaw\u0105 przetwarzania Danych jest Twoja zgoda, przys\u0142uguje Ci prawo do cofni\u0119cia tej zgody w dowolnym momencie. Cofni\u0119cie zgody nie wp\u0142ywa jednak na zgodno\u015b\u0107 z prawem przetwarzania przez nas Danych, kt\u00f3rego dokonali\u015bmy na podstawie zgody przed jej cofni\u0119ciem.<\/li>\n<\/ul>\n\n\n\n<p>Wi\u0119cej informacji na temat Twoich praw w kontek\u015bcie danych osobowych mo\u017cesz znale\u017a\u0107 na tej stronie internetowej: <a href=\"https:\/\/uodo.gov.pl\/pl\/493\">https:\/\/uodo.gov.pl\/pl\/493<\/a> .<\/p>\n\n\n\n<p>Je\u017celi uwa\u017casz, \u017ce przetwarzanie przez nas Twoich Danych narusza prawo, mo\u017cesz wnie\u015b\u0107 skarg\u0119 do Prezesa Urz\u0119du Ochrony Danych Osobowych. Wi\u0119cej informacji na temat z\u0142o\u017cenia skargi mo\u017cesz znale\u017a\u0107 tutaj: <a href=\"https:\/\/uodo.gov.pl\/pl\/83\/155\">https:\/\/uodo.gov.pl\/pl\/83\/155<\/a> .<\/p>\n\n\n\n<p><strong>Zautomatyzowane podejmowanie decyzji<\/strong><\/p>\n\n\n\n<p>Nie podejmujemy decyzji w spos\u00f3b zautomatyzowany, w tym za pomoc\u0105 profilowania.<\/p>\n\n\n\n<p><strong>Kontakt z sprawach dotycz\u0105cych przetwarzania przez nas Danych<\/strong><\/p>\n\n\n\n<p>Podczas przetwarzania Danych staramy si\u0119 zachowa\u0107 najwy\u017cszy standard ochrony Twojej prywatno\u015bci.<\/p>\n\n\n\n<p>W przypadku jakichkolwiek pyta\u0144 lub uwag dotycz\u0105cych ochrony Twoich Danych lub gdyby\u015b chcia\u0142 skorzysta\u0107 z przys\u0142uguj\u0105cych Ci praw wynikaj\u0105cych z RODO mo\u017cesz si\u0119 z nami skontaktowa\u0107 wysy\u0142aj\u0105c wiadomo\u015b\u0107 e-mail na adres: <a href=\"mailto:biuro@amekspertki.pl\">biuro@amekspertki.pl<\/a> .<\/p>\n\n\n\n<p>Pami\u0119taj o podaniu Twoich danych kontaktowych oraz preferowanej formy kontaktu. Dzi\u0119ki temu sprawniej odpowiemy na Twoje pytania i \u017c\u0105dania.<\/p>\n\n\n\n<p><strong>Pliki cookies<\/strong><\/p>\n\n\n\n<p>Strona u\u017cywa tylko niezb\u0119dnych plik\u00f3w cookies. Cookies to ma\u0142e pliki tekstowe, kt\u00f3re s\u0105 umieszczane na komputerze u\u017cytkownika przez odwiedzane przez niego strony internetowe. S\u0105 one powszechnie stosowane w celu zapewnienia lepszego lub bardziej efektywnego dzia\u0142ania us\u0142ug online. Stosowanie plik\u00f3w cookie jest obecnie standardem rynkowym. Niekt\u00f3re informacje przechowywane w plikach cookie (np. dotycz\u0105ce preferencji u\u017cytkownika), zw\u0142aszcza w po\u0142\u0105czeniu z innymi informacjami o u\u017cytkowniku, mog\u0105 by\u0107 traktowane jako dane osobowe. Dane osobowe gromadzone za pomoc\u0105 plik\u00f3w cookies mog\u0105 by\u0107 przetwarzane wy\u0142\u0105cznie w celu realizacji okre\u015blonych funkcji na Twoj\u0105 rzecz. Dane te s\u0105 zaszyfrowane w spos\u00f3b uniemo\u017cliwiaj\u0105cy dost\u0119p do nich osobom nieupowa\u017cnionym. Niekt\u00f3re funkcjonalno\u015bci mog\u0105 nie dzia\u0142a\u0107 prawid\u0142owo, je\u015bli pliki cookie s\u0105 wy\u0142\u0105czone.<\/p>\n\n\n\n<p><strong>Cel wykorzystywania plik\u00f3w cookies<\/strong><\/p>\n\n\n\n<p>Mo\u017cemy korzysta\u0107 z informacji zbieranych za po\u015brednictwem technologii plik\u00f3w cookie m.in. dla nast\u0119puj\u0105cych cel\u00f3w: (a) zapami\u0119tanie informacji o u\u017cytkowniku, aby nie trzeba by\u0142o ich ponownie wprowadza\u0107, (b) rozumienie sposobu korzystania ze Strony i interakcji z ni\u0105 tak aby dostosowa\u0107 Stron\u0119 do preferencji u\u017cytkownika, (c) zarz\u0105dza\u0107 i mierzy\u0107 u\u017cyteczno\u015b\u0107 Strony, (d) zrozumie\u0107 skuteczno\u015b\u0107 naszej komunikacji oraz (e) w inny spos\u00f3b ulepsza\u0107 nasze us\u0142ugi.<\/p>\n\n\n\n<p>Szczeg\u00f3\u0142owy opis poszczeg\u00f3lnych plik\u00f3w cookies znajduje si\u0119 w naszym menad\u017cerze zg\u00f3d cookies (niebieska ikona w lewym dolnym rogu ekranu).<\/p>\n\n\n\n<p><strong>Zarz\u0105dzanie Cookie<\/strong><\/p>\n\n\n\n<p>Mo\u017cesz zmieni\u0107 ustawienia cookies za po\u015brednictwem: managera zg\u00f3d cookies na naszej stronie (niebieska ikona w lewym dolnym rogu ekranu) lub ustawie\u0144 Twojej przegl\u0105darki. Wi\u0119kszo\u015b\u0107 przegl\u0105darek internetowych jest skonfigurowana w spos\u00f3b umo\u017cliwiaj\u0105cy automatyczn\u0105 akceptacj\u0119 plik\u00f3w cookie. Mo\u017cesz jednak zmieni\u0107 ustawienia swojej przegl\u0105darki tak, aby pliki cookies by\u0142y blokowane &#8211; w ca\u0142o\u015bci lub w cz\u0119\u015bci, np. aby blokowa\u0107 cookie podmiot\u00f3w trzecich, <br>lub aby\u015b otrzymywa\u0142 komunikat za ka\u017cdym razem, gdy pliki cookies s\u0105 wysy\u0142ane do Twojego urz\u0105dzenia. Wskaz\u00f3wki dotycz\u0105ce sposobu kontrolowania plik\u00f3w cookie w popularnych przegl\u0105darkach mo\u017cna znale\u017a\u0107 poni\u017cej. Google Chrome Mozilla Firefox MacOS Safari Microsoft Edge. Wi\u0119cej informacji mo\u017cesz znale\u017a\u0107 np. na stronach: <a href=\"http:\/\/www.aboutcookies.org\/\">http:\/\/www.aboutcookies.org\/<\/a> lub <a href=\"http:\/\/www.cookiecentral.com\/faq\/\">http:\/\/www.cookiecentral.com\/faq\/<\/a>.<\/p>\n\n\n\n<p><strong>Aktualna wersja Polityki prywatno\u015bci<\/strong><\/p>\n\n\n\n<p>Polityka Prywatno\u015bci stanowi aktualn\u0105 na 5 stycznia 2024 roku informacj\u0119 o przetwarzaniu przez nas Twoich Danych.<\/p>\n\n\n\n<p><\/p>\n","protected":false},"excerpt":{"rendered":"<p>Wsp\u00f3\u0142administratorzy danych Ten dokument (\u201cPolityka prywatno\u015bci\u201d) opisuje to w jaki spos\u00f3b A&amp;M Agnieszka Ostrowska z siedzib\u0105 przy ul. O\u015b Kr\u00f3lewska 18a\/1 w Warszawie, NIP 8451790942 lub A&amp;M Monika Marciniak z siedzib\u0105 w Dziuchowie 3B, Niemce\/k. Lublina, NIP 7132519837 dzia\u0142aj\u0105c jako wsp\u00f3\u0142administratorzy (\u201cA&amp;M Ekspertki\u201d) przetwarzaj\u0105 dane osobowe (\u201cDane\u201d) klient\u00f3w, os\u00f3b kontaktuj\u0105cych si\u0119 z A&amp;M Ekspertki w [&hellip;]<\/p>\n","protected":false},"author":1,"featured_media":0,"parent":0,"menu_order":0,"comment_status":"closed","ping_status":"open","template":"","meta":{"footnotes":""},"class_list":["post-3","page","type-page","status-publish","hentry"],"_links":{"self":[{"href":"https:\/\/amekspertki.pl\/index.php?rest_route=\/wp\/v2\/pages\/3","targetHints":{"allow":["GET"]}}],"collection":[{"href":"https:\/\/amekspertki.pl\/index.php?rest_route=\/wp\/v2\/pages"}],"about":[{"href":"https:\/\/amekspertki.pl\/index.php?rest_route=\/wp\/v2\/types\/page"}],"author":[{"embeddable":true,"href":"https:\/\/amekspertki.pl\/index.php?rest_route=\/wp\/v2\/users\/1"}],"replies":[{"embeddable":true,"href":"https:\/\/amekspertki.pl\/index.php?rest_route=%2Fwp%2Fv2%2Fcomments&post=3"}],"version-history":[{"count":2,"href":"https:\/\/amekspertki.pl\/index.php?rest_route=\/wp\/v2\/pages\/3\/revisions"}],"predecessor-version":[{"id":250,"href":"https:\/\/amekspertki.pl\/index.php?rest_route=\/wp\/v2\/pages\/3\/revisions\/250"}],"wp:attachment":[{"href":"https:\/\/amekspertki.pl\/index.php?rest_route=%2Fwp%2Fv2%2Fmedia&parent=3"}],"curies":[{"name":"wp","href":"https:\/\/api.w.org\/{rel}","templated":true}]}}